{"id":112,"date":"2022-04-06T20:25:40","date_gmt":"2022-04-06T18:25:40","guid":{"rendered":"https:\/\/lecircuitdewallonie.be\/en\/?page_id=112"},"modified":"2024-03-11T20:10:10","modified_gmt":"2024-03-11T19:10:10","slug":"itinerary","status":"publish","type":"page","link":"https:\/\/lecircuitdewallonie.be\/en\/itinerary\/","title":{"rendered":"Itinerary"},"content":{"rendered":"<p>[et_pb_section fb_built=\u00a0\u00bb1&Prime; admin_label=\u00a0\u00bbHero Section\u00a0\u00bb _builder_version=\u00a0\u00bb4.15&Prime; background_color=\u00a0\u00bb#d3dae4&Prime; background_image=\u00a0\u00bbhttps:\/\/lecircuitdewallonie.be\/en\/wp-content\/uploads\/2022\/04\/andrew-gook-VRLHw_rBjIw-unsplash-scaled-1.jpg\u00a0\u00bb custom_margin=\u00a0\u00bb0px|0px|0px|0px|false|false\u00a0\u00bb custom_margin_tablet=\u00a0\u00bb\u00a0\u00bb custom_margin_phone=\u00a0\u00bb0px|0px|0px|0px\u00a0\u00bb custom_margin_last_edited=\u00a0\u00bbon|phone\u00a0\u00bb custom_padding=\u00a0\u00bb178px|0px|178px|0px|true|false\u00a0\u00bb collapsed=\u00a0\u00bboff\u00a0\u00bb global_colors_info=\u00a0\u00bb{}\u00a0\u00bb theme_builder_area=\u00a0\u00bbpost_content\u00a0\u00bb][\/et_pb_section][et_pb_section fb_built=\u00a0\u00bb1&Prime; admin_label=\u00a0\u00bbPopular Product Section\u00a0\u00bb _builder_version=\u00a0\u00bb4.15&Prime; custom_padding=\u00a0\u00bb50px|0px|0px|0px|false|\u00a0\u00bb collapsed=\u00a0\u00bboff\u00a0\u00bb global_colors_info=\u00a0\u00bb{}\u00a0\u00bb theme_builder_area=\u00a0\u00bbpost_content\u00a0\u00bb][et_pb_row _builder_version=\u00a0\u00bb4.15&Prime; custom_padding=\u00a0\u00bb41px||0px||false|\u00a0\u00bb global_colors_info=\u00a0\u00bb{}\u00a0\u00bb theme_builder_area=\u00a0\u00bbpost_content\u00a0\u00bb][et_pb_column type=\u00a0\u00bb4_4&Prime; _builder_version=\u00a0\u00bb4.15&Prime; custom_padding=\u00a0\u00bb|||\u00a0\u00bb global_colors_info=\u00a0\u00bb{}\u00a0\u00bb custom_padding__hover=\u00a0\u00bb|||\u00a0\u00bb theme_builder_area=\u00a0\u00bbpost_content\u00a0\u00bb][et_pb_text admin_label=\u00a0\u00bbPopular Products Title\u00a0\u00bb _builder_version=\u00a0\u00bb4.15.1&Prime; text_font=\u00a0\u00bb||||||||\u00a0\u00bb header_font=\u00a0\u00bb||||||||\u00a0\u00bb header_2_font=\u00a0\u00bbRoboto|700||on|||||\u00a0\u00bb header_2_text_align=\u00a0\u00bbcenter\u00a0\u00bb header_2_font_size=\u00a0\u00bb30px\u00a0\u00bb header_2_letter_spacing=\u00a0\u00bb4px\u00a0\u00bb header_2_line_height=\u00a0\u00bb1.2em\u00a0\u00bb module_alignment=\u00a0\u00bbcenter\u00a0\u00bb custom_margin=\u00a0\u00bb||10px|\u00a0\u00bb custom_padding=\u00a0\u00bb|||\u00a0\u00bb animation_style=\u00a0\u00bbfade\u00a0\u00bb locked=\u00a0\u00bboff\u00a0\u00bb global_colors_info=\u00a0\u00bb{}\u00a0\u00bb theme_builder_area=\u00a0\u00bbpost_content\u00a0\u00bb]<\/p>\n<h2>Itinerary<\/h2>\n<p>[\/et_pb_text][et_pb_divider color=\u00a0\u00bb#ffb500&Prime; divider_weight=\u00a0\u00bb2px\u00a0\u00bb disabled_on=\u00a0\u00bboff|off|off\u00a0\u00bb _builder_version=\u00a0\u00bb4.15&Prime; max_width=\u00a0\u00bb100px\u00a0\u00bb module_alignment=\u00a0\u00bbcenter\u00a0\u00bb custom_margin=\u00a0\u00bb||-1px|||\u00a0\u00bb animation_style=\u00a0\u00bbfade\u00a0\u00bb custom_css_main_element=\u00a0\u00bb||\u00a0\u00bb locked=\u00a0\u00bboff\u00a0\u00bb global_colors_info=\u00a0\u00bb{}\u00a0\u00bb theme_builder_area=\u00a0\u00bbpost_content\u00a0\u00bb][\/et_pb_divider][\/et_pb_column][\/et_pb_row][\/et_pb_section][et_pb_section fb_built=\u00a0\u00bb1&Prime; admin_label=\u00a0\u00bbPopular Product Section\u00a0\u00bb _builder_version=\u00a0\u00bb4.15&Prime; min_height=\u00a0\u00bb319px\u00a0\u00bb custom_padding=\u00a0\u00bb50px|0px|0px|0px|false|\u00a0\u00bb collapsed=\u00a0\u00bboff\u00a0\u00bb global_colors_info=\u00a0\u00bb{}\u00a0\u00bb theme_builder_area=\u00a0\u00bbpost_content\u00a0\u00bb][et_pb_row _builder_version=\u00a0\u00bb4.15&Prime; custom_padding=\u00a0\u00bb41px||0px||false|\u00a0\u00bb global_colors_info=\u00a0\u00bb{}\u00a0\u00bb theme_builder_area=\u00a0\u00bbpost_content\u00a0\u00bb][et_pb_column type=\u00a0\u00bb4_4&Prime; _builder_version=\u00a0\u00bb4.15&Prime; custom_padding=\u00a0\u00bb|||\u00a0\u00bb global_colors_info=\u00a0\u00bb{}\u00a0\u00bb custom_padding__hover=\u00a0\u00bb|||\u00a0\u00bb theme_builder_area=\u00a0\u00bbpost_content\u00a0\u00bb][et_pb_image src=\u00a0\u00bbhttps:\/\/lecircuitdewallonie.be\/en\/wp-content\/uploads\/2022\/04\/reglements.png\u00a0\u00bb title_text=\u00a0\u00bbreglements\u00a0\u00bb align=\u00a0\u00bbcenter\u00a0\u00bb _builder_version=\u00a0\u00bb4.15&Prime; _module_preset=\u00a0\u00bbdefault\u00a0\u00bb global_colors_info=\u00a0\u00bb{}\u00a0\u00bb theme_builder_area=\u00a0\u00bbpost_content\u00a0\u00bb][\/et_pb_image][et_pb_button button_url=\u00a0\u00bbhttps:\/\/lecircuitdewallonie.be\/en\/wp-content\/uploads\/2024\/03\/itineraire-Circuit-de-Charleroi-Wallonie-2024.pdf\u00a0\u00bb button_text=\u00a0\u00bbDownload PDF version\u00a0\u00bb button_alignment=\u00a0\u00bbcenter\u00a0\u00bb _builder_version=\u00a0\u00bb4.15.1&Prime; _module_preset=\u00a0\u00bbdefault\u00a0\u00bb custom_button=\u00a0\u00bbon\u00a0\u00bb button_text_size=\u00a0\u00bb16px\u00a0\u00bb button_text_color=\u00a0\u00bb#FFFFFF\u00a0\u00bb button_bg_color=\u00a0\u00bb#E02B20&Prime; button_font=\u00a0\u00bb|||on|||||\u00a0\u00bb hover_enabled=\u00a0\u00bb0&Prime; global_colors_info=\u00a0\u00bb{}\u00a0\u00bb theme_builder_area=\u00a0\u00bbpost_content\u00a0\u00bb sticky_enabled=\u00a0\u00bb0&Prime;][\/et_pb_button][\/et_pb_column][\/et_pb_row][\/et_pb_section][et_pb_section fb_built=\u00a0\u00bb1&Prime; admin_label=\u00a0\u00bbHero Section\u00a0\u00bb _builder_version=\u00a0\u00bb4.15&Prime; background_color=\u00a0\u00bb#d3dae4&Prime; background_image=\u00a0\u00bbhttps:\/\/lecircuitdewallonie.be\/en\/wp-content\/uploads\/2022\/04\/cwban2.jpg\u00a0\u00bb custom_margin=\u00a0\u00bb60px|0px|0px|0px|false|false\u00a0\u00bb custom_margin_tablet=\u00a0\u00bb\u00a0\u00bb custom_margin_phone=\u00a0\u00bb0px|0px|0px|0px\u00a0\u00bb custom_margin_last_edited=\u00a0\u00bbon|phone\u00a0\u00bb custom_padding=\u00a0\u00bb130px|0px|130px|0px|true|false\u00a0\u00bb collapsed=\u00a0\u00bboff\u00a0\u00bb global_colors_info=\u00a0\u00bb{}\u00a0\u00bb theme_builder_area=\u00a0\u00bbpost_content\u00a0\u00bb][\/et_pb_section][et_pb_section fb_built=\u00a0\u00bb1&Prime; admin_label=\u00a0\u00bbsection\u00a0\u00bb _builder_version=\u00a0\u00bb4.15&Prime; custom_padding=\u00a0\u00bb50px||50px||true|\u00a0\u00bb global_module=\u00a0\u00bb361&Prime; saved_tabs=\u00a0\u00bball\u00a0\u00bb collapsed=\u00a0\u00bboff\u00a0\u00bb global_colors_info=\u00a0\u00bb{}\u00a0\u00bb theme_builder_area=\u00a0\u00bbpost_content\u00a0\u00bb][et_pb_row admin_label=\u00a0\u00bbrow\u00a0\u00bb _builder_version=\u00a0\u00bb4.15&Prime; background_size=\u00a0\u00bbinitial\u00a0\u00bb background_position=\u00a0\u00bbtop_left\u00a0\u00bb background_repeat=\u00a0\u00bbrepeat\u00a0\u00bb global_colors_info=\u00a0\u00bb{}\u00a0\u00bb theme_builder_area=\u00a0\u00bbpost_content\u00a0\u00bb][et_pb_column type=\u00a0\u00bb4_4&Prime; _builder_version=\u00a0\u00bb4.15&Prime; custom_padding=\u00a0\u00bb|||\u00a0\u00bb global_colors_info=\u00a0\u00bb{}\u00a0\u00bb custom_padding__hover=\u00a0\u00bb|||\u00a0\u00bb theme_builder_area=\u00a0\u00bbpost_content\u00a0\u00bb][\/et_pb_column][\/et_pb_row][\/et_pb_section][et_pb_section fb_built=\u00a0\u00bb1&Prime; admin_label=\u00a0\u00bbFeatures\u00a0\u00bb _builder_version=\u00a0\u00bb4.15&Prime; custom_padding=\u00a0\u00bb50px||50px||true|\u00a0\u00bb saved_tabs=\u00a0\u00bball\u00a0\u00bb collapsed=\u00a0\u00bboff\u00a0\u00bb global_colors_info=\u00a0\u00bb{}\u00a0\u00bb theme_builder_area=\u00a0\u00bbpost_content\u00a0\u00bb][et_pb_row _builder_version=\u00a0\u00bb4.15&Prime; custom_padding=\u00a0\u00bb|||\u00a0\u00bb global_colors_info=\u00a0\u00bb{}\u00a0\u00bb theme_builder_area=\u00a0\u00bbpost_content\u00a0\u00bb][et_pb_column type=\u00a0\u00bb4_4&Prime; _builder_version=\u00a0\u00bb4.15&Prime; custom_padding=\u00a0\u00bb|||\u00a0\u00bb global_colors_info=\u00a0\u00bb{}\u00a0\u00bb custom_padding__hover=\u00a0\u00bb|||\u00a0\u00bb theme_builder_area=\u00a0\u00bbpost_content\u00a0\u00bb][et_pb_text admin_label=\u00a0\u00bbPopular Products Title\u00a0\u00bb _builder_version=\u00a0\u00bb4.15&Prime; text_font=\u00a0\u00bb||||||||\u00a0\u00bb header_font=\u00a0\u00bb||||||||\u00a0\u00bb header_2_font=\u00a0\u00bbRoboto|700||on|||||\u00a0\u00bb header_2_text_align=\u00a0\u00bbcenter\u00a0\u00bb header_2_font_size=\u00a0\u00bb30px\u00a0\u00bb header_2_letter_spacing=\u00a0\u00bb4px\u00a0\u00bb header_2_line_height=\u00a0\u00bb1.2em\u00a0\u00bb module_alignment=\u00a0\u00bbcenter\u00a0\u00bb custom_margin=\u00a0\u00bb||10px|\u00a0\u00bb custom_padding=\u00a0\u00bb|||\u00a0\u00bb animation_style=\u00a0\u00bbfade\u00a0\u00bb locked=\u00a0\u00bboff\u00a0\u00bb global_colors_info=\u00a0\u00bb{}\u00a0\u00bb theme_builder_area=\u00a0\u00bbpost_content\u00a0\u00bb]<\/p>\n<h2>Comit\u00e9<\/h2>\n<p>[\/et_pb_text][et_pb_divider color=\u00a0\u00bb#ffb500&Prime; divider_weight=\u00a0\u00bb2px\u00a0\u00bb disabled_on=\u00a0\u00bboff|off|off\u00a0\u00bb _builder_version=\u00a0\u00bb4.15&Prime; max_width=\u00a0\u00bb100px\u00a0\u00bb module_alignment=\u00a0\u00bbcenter\u00a0\u00bb animation_style=\u00a0\u00bbfade\u00a0\u00bb custom_css_main_element=\u00a0\u00bb||\u00a0\u00bb locked=\u00a0\u00bboff\u00a0\u00bb global_colors_info=\u00a0\u00bb{}\u00a0\u00bb theme_builder_area=\u00a0\u00bbpost_content\u00a0\u00bb][\/et_pb_divider][\/et_pb_column][\/et_pb_row][et_pb_row column_structure=\u00a0\u00bb1_3,1_3,1_3&Prime; make_equal=\u00a0\u00bbon\u00a0\u00bb _builder_version=\u00a0\u00bb4.15&Prime; _module_preset=\u00a0\u00bbdefault\u00a0\u00bb global_colors_info=\u00a0\u00bb{}\u00a0\u00bb theme_builder_area=\u00a0\u00bbpost_content\u00a0\u00bb][et_pb_column type=\u00a0\u00bb1_3&Prime; _builder_version=\u00a0\u00bb4.15&Prime; _module_preset=\u00a0\u00bbdefault\u00a0\u00bb global_colors_info=\u00a0\u00bb{}\u00a0\u00bb theme_builder_area=\u00a0\u00bbpost_content\u00a0\u00bb][et_pb_team_member name=\u00a0\u00bbLa Paglia Franco\u00a0\u00bb position=\u00a0\u00bbDirecteur G\u00e9n\u00e9ral \u00a0\u00bb image_url=\u00a0\u00bbhttps:\/\/lecircuitdewallonie.be\/en\/wp-content\/uploads\/2022\/04\/cwcomite2.png\u00a0\u00bb _builder_version=\u00a0\u00bb4.15&Prime; _module_preset=\u00a0\u00bbdefault\u00a0\u00bb header_font=\u00a0\u00bbMontserrat||||||||\u00a0\u00bb position_font=\u00a0\u00bbMontserrat||||||||\u00a0\u00bb module_alignment=\u00a0\u00bbleft\u00a0\u00bb custom_css_member_image=\u00a0\u00bbtext-align: left;\u00a0\u00bb global_colors_info=\u00a0\u00bb{}\u00a0\u00bb theme_builder_area=\u00a0\u00bbpost_content\u00a0\u00bb]<\/p>\n<p><strong>E-mail<\/strong> : <a href=\"mailto:francesco.lapaglia66@gmail.com\" target=\"_blank\" rel=\"noopener\">francesco.lapaglia66@<wbr \/>gmail.com<\/a><br \/> <strong>Gsm<\/strong> : 0475\/87.98.91<\/p>\n<p>[\/et_pb_team_member][\/et_pb_column][et_pb_column type=\u00a0\u00bb1_3&Prime; _builder_version=\u00a0\u00bb4.15&Prime; _module_preset=\u00a0\u00bbdefault\u00a0\u00bb global_colors_info=\u00a0\u00bb{}\u00a0\u00bb theme_builder_area=\u00a0\u00bbpost_content\u00a0\u00bb][et_pb_team_member name=\u00a0\u00bbGarcia Fernandez Antonio\u00a0\u00bb position=\u00a0\u00bbPr\u00e9sident\u00a0\u00bb image_url=\u00a0\u00bbhttps:\/\/lecircuitdewallonie.be\/en\/wp-content\/uploads\/2022\/04\/cwcomite2.png\u00a0\u00bb _builder_version=\u00a0\u00bb4.15&Prime; _module_preset=\u00a0\u00bbdefault\u00a0\u00bb header_font=\u00a0\u00bbMontserrat||||||||\u00a0\u00bb position_font=\u00a0\u00bbMontserrat||||||||\u00a0\u00bb module_alignment=\u00a0\u00bbleft\u00a0\u00bb custom_css_member_image=\u00a0\u00bbtext-align: left;\u00a0\u00bb global_colors_info=\u00a0\u00bb{}\u00a0\u00bb theme_builder_area=\u00a0\u00bbpost_content\u00a0\u00bb]<\/p>\n<p><strong>E-mail<\/strong> :\u00a0<a href=\"mailto:garcia.antonio@skynet.be\" target=\"_blank\" rel=\"noopener\">garcia.antonio@skynet.be<\/a><span>\u00a0<\/span><br \/> <strong>Gsm<\/strong> : 0475\/72.22.00<\/p>\n<p>[\/et_pb_team_member][\/et_pb_column][et_pb_column type=\u00a0\u00bb1_3&Prime; _builder_version=\u00a0\u00bb4.15&Prime; _module_preset=\u00a0\u00bbdefault\u00a0\u00bb global_colors_info=\u00a0\u00bb{}\u00a0\u00bb theme_builder_area=\u00a0\u00bbpost_content\u00a0\u00bb][et_pb_team_member name=\u00a0\u00bbMullier Jordan\u00a0\u00bb position=\u00a0\u00bbLogistique G\u00e9n\u00e9rale D\u00e9part\/Arriv\u00e9e\u00a0\u00bb image_url=\u00a0\u00bbhttps:\/\/lecircuitdewallonie.be\/en\/wp-content\/uploads\/2022\/04\/cwcomite2.png\u00a0\u00bb _builder_version=\u00a0\u00bb4.15&Prime; _module_preset=\u00a0\u00bbdefault\u00a0\u00bb header_font=\u00a0\u00bbMontserrat||||||||\u00a0\u00bb position_font=\u00a0\u00bbMontserrat||||||||\u00a0\u00bb module_alignment=\u00a0\u00bbleft\u00a0\u00bb custom_css_member_image=\u00a0\u00bbtext-align: left;\u00a0\u00bb global_colors_info=\u00a0\u00bb{}\u00a0\u00bb theme_builder_area=\u00a0\u00bbpost_content\u00a0\u00bb]<\/p>\n<p><strong>E-mail<\/strong> : <a href=\"mailto:joooordan59@gmail.com\" target=\"_blank\" rel=\"noopener\">joooordan59@gmail.com<\/a><span>\u00a0<\/span><br \/> <strong>Gsm<\/strong> : <span>\u00a0+33 6\/<\/span>34.41.09.15<\/p>\n<p>[\/et_pb_team_member][\/et_pb_column][\/et_pb_row][et_pb_row column_structure=\u00a0\u00bb1_3,1_3,1_3&Prime; make_equal=\u00a0\u00bbon\u00a0\u00bb _builder_version=\u00a0\u00bb4.15&Prime; _module_preset=\u00a0\u00bbdefault\u00a0\u00bb global_colors_info=\u00a0\u00bb{}\u00a0\u00bb theme_builder_area=\u00a0\u00bbpost_content\u00a0\u00bb][et_pb_column type=\u00a0\u00bb1_3&Prime; _builder_version=\u00a0\u00bb4.15&Prime; _module_preset=\u00a0\u00bbdefault\u00a0\u00bb global_colors_info=\u00a0\u00bb{}\u00a0\u00bb theme_builder_area=\u00a0\u00bbpost_content\u00a0\u00bb][et_pb_team_member name=\u00a0\u00bbVandenberg Eric\u00a0\u00bb position=\u00a0\u00bbSecr\u00e9taire\u00a0\u00bb image_url=\u00a0\u00bbhttps:\/\/lecircuitdewallonie.be\/en\/wp-content\/uploads\/2022\/04\/cwcomite2.png\u00a0\u00bb _builder_version=\u00a0\u00bb4.15&Prime; _module_preset=\u00a0\u00bbdefault\u00a0\u00bb header_font=\u00a0\u00bbMontserrat||||||||\u00a0\u00bb position_font=\u00a0\u00bbMontserrat||||||||\u00a0\u00bb module_alignment=\u00a0\u00bbleft\u00a0\u00bb custom_css_member_image=\u00a0\u00bbtext-align: left;\u00a0\u00bb global_colors_info=\u00a0\u00bb{}\u00a0\u00bb theme_builder_area=\u00a0\u00bbpost_content\u00a0\u00bb]<\/p>\n<p><strong>E-mail<\/strong> :\u00a0<a href=\"mailto:vdbcastor@yahoo.fr\" target=\"_blank\" rel=\"noopener\">vdbcastor@yahoo.fr<\/a><span>\u00a0<\/span><br \/> <strong>Gsm<\/strong> : 0494\/11.43.99<\/p>\n<p>[\/et_pb_team_member][\/et_pb_column][et_pb_column type=\u00a0\u00bb1_3&Prime; _builder_version=\u00a0\u00bb4.15&Prime; _module_preset=\u00a0\u00bbdefault\u00a0\u00bb global_colors_info=\u00a0\u00bb{}\u00a0\u00bb theme_builder_area=\u00a0\u00bbpost_content\u00a0\u00bb][et_pb_team_member name=\u00a0\u00bbLeone Roberto\u00a0\u00bb position=\u00a0\u00bbPr\u00e9sident d&rsquo;honneur\u00a0\u00bb image_url=\u00a0\u00bbhttps:\/\/lecircuitdewallonie.be\/en\/wp-content\/uploads\/2022\/04\/cwcomite2.png\u00a0\u00bb _builder_version=\u00a0\u00bb4.15&Prime; _module_preset=\u00a0\u00bbdefault\u00a0\u00bb header_font=\u00a0\u00bbMontserrat||||||||\u00a0\u00bb position_font=\u00a0\u00bbMontserrat||||||||\u00a0\u00bb module_alignment=\u00a0\u00bbleft\u00a0\u00bb custom_css_member_image=\u00a0\u00bbtext-align: left;\u00a0\u00bb global_colors_info=\u00a0\u00bb{}\u00a0\u00bb theme_builder_area=\u00a0\u00bbpost_content\u00a0\u00bb][\/et_pb_team_member][\/et_pb_column][et_pb_column type=\u00a0\u00bb1_3&Prime; _builder_version=\u00a0\u00bb4.15&Prime; _module_preset=\u00a0\u00bbdefault\u00a0\u00bb global_colors_info=\u00a0\u00bb{}\u00a0\u00bb theme_builder_area=\u00a0\u00bbpost_content\u00a0\u00bb][et_pb_team_member name=\u00a0\u00bbCastin Ludger\u00a0\u00bb position=\u00a0\u00bbPublic relation\u00a0\u00bb image_url=\u00a0\u00bbhttps:\/\/lecircuitdewallonie.be\/en\/wp-content\/uploads\/2022\/04\/cwcomite2.png\u00a0\u00bb _builder_version=\u00a0\u00bb4.15&Prime; _module_preset=\u00a0\u00bbdefault\u00a0\u00bb header_font=\u00a0\u00bbMontserrat||||||||\u00a0\u00bb position_font=\u00a0\u00bbMontserrat||||||||\u00a0\u00bb module_alignment=\u00a0\u00bbleft\u00a0\u00bb custom_css_member_image=\u00a0\u00bbtext-align: left;\u00a0\u00bb global_colors_info=\u00a0\u00bb{}\u00a0\u00bb theme_builder_area=\u00a0\u00bbpost_content\u00a0\u00bb]<\/p>\n<p><strong>E-mail<\/strong> : <a href=\"mailto:ludger.castin@match.be\" target=\"_blank\" rel=\"noopener\">ludger.castin@match.be<\/a><br \/> <strong>Gsm<\/strong> : 0497\/51.21.06<\/p>\n<p>[\/et_pb_team_member][\/et_pb_column][\/et_pb_row][et_pb_row column_structure=\u00a0\u00bb1_3,1_3,1_3&Prime; make_equal=\u00a0\u00bbon\u00a0\u00bb _builder_version=\u00a0\u00bb4.15&Prime; _module_preset=\u00a0\u00bbdefault\u00a0\u00bb global_colors_info=\u00a0\u00bb{}\u00a0\u00bb theme_builder_area=\u00a0\u00bbpost_content\u00a0\u00bb][et_pb_column type=\u00a0\u00bb1_3&Prime; _builder_version=\u00a0\u00bb4.15&Prime; _module_preset=\u00a0\u00bbdefault\u00a0\u00bb global_colors_info=\u00a0\u00bb{}\u00a0\u00bb theme_builder_area=\u00a0\u00bbpost_content\u00a0\u00bb][et_pb_team_member name=\u00a0\u00bbEerebout Jan\u00a0\u00bb position=\u00a0\u00bbResponsable s\u00e9curit\u00e9\u00a0\u00bb image_url=\u00a0\u00bbhttps:\/\/lecircuitdewallonie.be\/en\/wp-content\/uploads\/2022\/04\/cwcomite2.png\u00a0\u00bb _builder_version=\u00a0\u00bb4.15&Prime; _module_preset=\u00a0\u00bbdefault\u00a0\u00bb header_font=\u00a0\u00bbMontserrat||||||||\u00a0\u00bb position_font=\u00a0\u00bbMontserrat||||||||\u00a0\u00bb module_alignment=\u00a0\u00bbleft\u00a0\u00bb custom_css_member_image=\u00a0\u00bbtext-align: left;\u00a0\u00bb global_colors_info=\u00a0\u00bb{}\u00a0\u00bb theme_builder_area=\u00a0\u00bbpost_content\u00a0\u00bb]<\/p>\n<p><strong>E-mail<\/strong> : <a href=\"mailto:jan.eerebout@motorbegeleiding.com\" target=\"_blank\" rel=\"noopener\">jan.eerebout@<wbr \/>motorbegeleiding.com<\/a><br \/> <strong>Gsm<\/strong> : <span>0475\/42.79.49<\/span><\/p>\n<p>[\/et_pb_team_member][\/et_pb_column][et_pb_column type=\u00a0\u00bb1_3&Prime; _builder_version=\u00a0\u00bb4.15&Prime; _module_preset=\u00a0\u00bbdefault\u00a0\u00bb global_colors_info=\u00a0\u00bb{}\u00a0\u00bb theme_builder_area=\u00a0\u00bbpost_content\u00a0\u00bb][et_pb_team_member name=\u00a0\u00bbDalgal Walter\u00a0\u00bb position=\u00a0\u00bbResponsable Technique \u00ab Circuit \u00bb\u00a0\u00bb image_url=\u00a0\u00bbhttps:\/\/lecircuitdewallonie.be\/en\/wp-content\/uploads\/2022\/04\/cwcomite2.png\u00a0\u00bb _builder_version=\u00a0\u00bb4.15&Prime; _module_preset=\u00a0\u00bbdefault\u00a0\u00bb header_font=\u00a0\u00bbMontserrat||||||||\u00a0\u00bb position_font=\u00a0\u00bbMontserrat||||||||\u00a0\u00bb module_alignment=\u00a0\u00bbleft\u00a0\u00bb custom_css_member_image=\u00a0\u00bbtext-align: left;\u00a0\u00bb global_colors_info=\u00a0\u00bb{}\u00a0\u00bb theme_builder_area=\u00a0\u00bbpost_content\u00a0\u00bb]<\/p>\n<p><strong>E-mail<\/strong> : <a href=\"mailto:walterdalgal@hotmail.com\" target=\"_blank\" rel=\"noopener\">walterdalgal@hotmail.com<\/a><span>\u00a0<\/span><br \/> <strong>Gsm<\/strong> : 0475\/29.92.59<\/p>\n<p>[\/et_pb_team_member][\/et_pb_column][et_pb_column type=\u00a0\u00bb1_3&Prime; _builder_version=\u00a0\u00bb4.15&Prime; _module_preset=\u00a0\u00bbdefault\u00a0\u00bb global_colors_info=\u00a0\u00bb{}\u00a0\u00bb theme_builder_area=\u00a0\u00bbpost_content\u00a0\u00bb][et_pb_team_member name=\u00a0\u00bbDeguide Louis\u00a0\u00bb position=\u00a0\u00bbIntendance Circuit\u00a0\u00bb image_url=\u00a0\u00bbhttps:\/\/lecircuitdewallonie.be\/en\/wp-content\/uploads\/2022\/04\/cwcomite2.png\u00a0\u00bb _builder_version=\u00a0\u00bb4.15&Prime; _module_preset=\u00a0\u00bbdefault\u00a0\u00bb header_font=\u00a0\u00bbMontserrat||||||||\u00a0\u00bb position_font=\u00a0\u00bbMontserrat||||||||\u00a0\u00bb module_alignment=\u00a0\u00bbleft\u00a0\u00bb custom_css_member_image=\u00a0\u00bbtext-align: left;\u00a0\u00bb global_colors_info=\u00a0\u00bb{}\u00a0\u00bb theme_builder_area=\u00a0\u00bbpost_content\u00a0\u00bb]<\/p>\n<p><strong>E-mail<\/strong> : <a href=\"mailto:louis.deguide@gmail.com\" target=\"_blank\" rel=\"noopener\">louis.deguide@gmail.com<\/a><br \/> <strong>Gsm<\/strong> : <span>0474\/26.76.39<\/span><\/p>\n<p>[\/et_pb_team_member][\/et_pb_column][\/et_pb_row][et_pb_row column_structure=\u00a0\u00bb1_3,1_3,1_3&Prime; make_equal=\u00a0\u00bbon\u00a0\u00bb _builder_version=\u00a0\u00bb4.15&Prime; _module_preset=\u00a0\u00bbdefault\u00a0\u00bb global_colors_info=\u00a0\u00bb{}\u00a0\u00bb theme_builder_area=\u00a0\u00bbpost_content\u00a0\u00bb][et_pb_column type=\u00a0\u00bb1_3&Prime; _builder_version=\u00a0\u00bb4.15&Prime; _module_preset=\u00a0\u00bbdefault\u00a0\u00bb global_colors_info=\u00a0\u00bb{}\u00a0\u00bb theme_builder_area=\u00a0\u00bbpost_content\u00a0\u00bb][et_pb_team_member name=\u00a0\u00bbCalucci Lina\u00a0\u00bb position=\u00a0\u00bbOrganisation Suiveur\u00a0\u00bb image_url=\u00a0\u00bbhttps:\/\/lecircuitdewallonie.be\/en\/wp-content\/uploads\/2022\/04\/cwcomite2.png\u00a0\u00bb _builder_version=\u00a0\u00bb4.15&Prime; _module_preset=\u00a0\u00bbdefault\u00a0\u00bb header_font=\u00a0\u00bbMontserrat||||||||\u00a0\u00bb position_font=\u00a0\u00bbMontserrat||||||||\u00a0\u00bb module_alignment=\u00a0\u00bbleft\u00a0\u00bb custom_css_member_image=\u00a0\u00bbtext-align: left;\u00a0\u00bb global_colors_info=\u00a0\u00bb{}\u00a0\u00bb theme_builder_area=\u00a0\u00bbpost_content\u00a0\u00bb]<\/p>\n<p><strong>E-mail<\/strong> : <a href=\"mailto:lina.calucci@hotmail.com\" target=\"_blank\" rel=\"noopener\">lina.calucci@hotmail.com<\/a><br \/> <strong>Gsm<\/strong> : 0474\/61.41.39<\/p>\n<p>[\/et_pb_team_member][\/et_pb_column][et_pb_column type=\u00a0\u00bb1_3&Prime; _builder_version=\u00a0\u00bb4.15&Prime; _module_preset=\u00a0\u00bbdefault\u00a0\u00bb global_colors_info=\u00a0\u00bb{}\u00a0\u00bb theme_builder_area=\u00a0\u00bbpost_content\u00a0\u00bb][et_pb_team_member name=\u00a0\u00bbLa Paglia Gloria\u00a0\u00bb position=\u00a0\u00bbProtocole Podium Apr\u00e8s course\u00a0\u00bb image_url=\u00a0\u00bbhttps:\/\/lecircuitdewallonie.be\/en\/wp-content\/uploads\/2022\/04\/cwcomite2.png\u00a0\u00bb _builder_version=\u00a0\u00bb4.15&Prime; _module_preset=\u00a0\u00bbdefault\u00a0\u00bb header_font=\u00a0\u00bbMontserrat||||||||\u00a0\u00bb position_font=\u00a0\u00bbMontserrat||||||||\u00a0\u00bb module_alignment=\u00a0\u00bbleft\u00a0\u00bb custom_css_member_image=\u00a0\u00bbtext-align: left;\u00a0\u00bb global_colors_info=\u00a0\u00bb{}\u00a0\u00bb theme_builder_area=\u00a0\u00bbpost_content\u00a0\u00bb]<\/p>\n<p><strong>E-mail<\/strong> : <a href=\"mailto:gloria.lapaglia@hotmail.com\" target=\"_blank\" rel=\"noopener\">gloria.lapaglia@hotmail.com<\/a><br \/> <strong>Gsm<\/strong> : 0477\/28.84.55<\/p>\n<p>[\/et_pb_team_member][\/et_pb_column][et_pb_column type=\u00a0\u00bb1_3&Prime; _builder_version=\u00a0\u00bb4.15&Prime; _module_preset=\u00a0\u00bbdefault\u00a0\u00bb global_colors_info=\u00a0\u00bb{}\u00a0\u00bb theme_builder_area=\u00a0\u00bbpost_content\u00a0\u00bb][et_pb_team_member name=\u00a0\u00bbLa Paglia Victoria\u00a0\u00bb position=\u00a0\u00bbResponsable Communication\u00a0\u00bb image_url=\u00a0\u00bbhttps:\/\/lecircuitdewallonie.be\/en\/wp-content\/uploads\/2022\/04\/cwcomite2.png\u00a0\u00bb _builder_version=\u00a0\u00bb4.15&Prime; _module_preset=\u00a0\u00bbdefault\u00a0\u00bb header_font=\u00a0\u00bbMontserrat||||||||\u00a0\u00bb position_font=\u00a0\u00bbMontserrat||||||||\u00a0\u00bb module_alignment=\u00a0\u00bbleft\u00a0\u00bb custom_css_member_image=\u00a0\u00bbtext-align: left;\u00a0\u00bb global_colors_info=\u00a0\u00bb{}\u00a0\u00bb theme_builder_area=\u00a0\u00bbpost_content\u00a0\u00bb]<\/p>\n<p><strong>E-mail<\/strong> : <a href=\"mailto:victoria.lapaglia@hotmail.com\" target=\"_blank\" rel=\"noopener\">victoria.lapaglia@hotmail.<wbr \/>com<\/a><br \/> <strong>Gsm<\/strong> : <span>0477 28 84 50<\/span><\/p>\n<p>[\/et_pb_team_member][\/et_pb_column][\/et_pb_row][\/et_pb_section]<\/p>\n","protected":false},"excerpt":{"rendered":"<p>ItineraryComit\u00e9E-mail : francesco.lapaglia66@gmail.com Gsm : 0475\/87.98.91E-mail :\u00a0garcia.antonio@skynet.be\u00a0 Gsm : 0475\/72.22.00E-mail : joooordan59@gmail.com\u00a0 Gsm : \u00a0+33 6\/34.41.09.15E-mail :\u00a0vdbcastor@yahoo.fr\u00a0 Gsm : 0494\/11.43.99E-mail : ludger.castin@match.be Gsm : 0497\/51.21.06E-mail : jan.eerebout@motorbegeleiding.com Gsm : 0475\/42.79.49E-mail : walterdalgal@hotmail.com\u00a0 Gsm : 0475\/29.92.59E-mail : louis.deguide@gmail.com Gsm : 0474\/26.76.39E-mail : lina.calucci@hotmail.com Gsm : 0474\/61.41.39E-mail : gloria.lapaglia@hotmail.com Gsm : 0477\/28.84.55E-mail : victoria.lapaglia@hotmail.com Gsm : 0477 [&hellip;]<\/p>\n","protected":false},"author":1,"featured_media":0,"parent":0,"menu_order":0,"comment_status":"closed","ping_status":"closed","template":"","meta":{"_et_pb_use_builder":"on","_et_pb_old_content":"","_et_gb_content_width":"","footnotes":""},"class_list":["post-112","page","type-page","status-publish","hentry"],"_links":{"self":[{"href":"https:\/\/lecircuitdewallonie.be\/en\/wp-json\/wp\/v2\/pages\/112","targetHints":{"allow":["GET"]}}],"collection":[{"href":"https:\/\/lecircuitdewallonie.be\/en\/wp-json\/wp\/v2\/pages"}],"about":[{"href":"https:\/\/lecircuitdewallonie.be\/en\/wp-json\/wp\/v2\/types\/page"}],"author":[{"embeddable":true,"href":"https:\/\/lecircuitdewallonie.be\/en\/wp-json\/wp\/v2\/users\/1"}],"replies":[{"embeddable":true,"href":"https:\/\/lecircuitdewallonie.be\/en\/wp-json\/wp\/v2\/comments?post=112"}],"version-history":[{"count":9,"href":"https:\/\/lecircuitdewallonie.be\/en\/wp-json\/wp\/v2\/pages\/112\/revisions"}],"predecessor-version":[{"id":853,"href":"https:\/\/lecircuitdewallonie.be\/en\/wp-json\/wp\/v2\/pages\/112\/revisions\/853"}],"wp:attachment":[{"href":"https:\/\/lecircuitdewallonie.be\/en\/wp-json\/wp\/v2\/media?parent=112"}],"curies":[{"name":"wp","href":"https:\/\/api.w.org\/{rel}","templated":true}]}}